
{"id":602,"date":"2017-12-13T13:38:18","date_gmt":"2017-12-13T11:38:18","guid":{"rendered":"http:\/\/red.prodidactica.md\/en\/?page_id=602"},"modified":"2017-12-13T13:38:18","modified_gmt":"2017-12-13T11:38:18","slug":"red-guide","status":"publish","type":"page","link":"http:\/\/red.prodidactica.md\/en\/red-guide\/","title":{"rendered":"RED GUIDE"},"content":{"rendered":"<h5 style=\"text-align: center\"><a href=\"http:\/\/prodidactica.md\/wp-content\/uploads\/2017\/12\/Ghid_RED-1.pdf\" target=\"_blank\">RESURSE EDUCA\u0162IONALE DESCHISE: OPORTUNIT\u0102\u0162I PENTRU ACCES, CALITATE \u015eI RELEVAN\u0162\u0102 \u00ceN EDUCA\u0162IE<\/a><\/h5>\n<p><a href=\"http:\/\/prodidactica.md\/wp-content\/uploads\/2017\/12\/Ghid_RED-1.pdf\" target=\"_blank\"><img decoding=\"async\" loading=\"lazy\" class=\"aligncenter wp-image-599 size-full\" src=\"http:\/\/red.prodidactica.md\/wp-content\/uploads\/sites\/5\/2017\/12\/1-Red-206x300.jpg\" alt=\"1-Red-206x300\" width=\"206\" height=\"300\" \/><\/a><\/p>\n","protected":false},"excerpt":{"rendered":"<p>RESURSE EDUCA\u0162IONALE DESCHISE: OPORTUNIT\u0102\u0162I PENTRU ACCES, CALITATE \u015eI RELEVAN\u0162\u0102 \u00ceN EDUCA\u0162IE<\/p>\n","protected":false},"author":15,"featured_media":0,"parent":0,"menu_order":0,"comment_status":"closed","ping_status":"closed","template":"","meta":{"_bbp_topic_count":0,"_bbp_reply_count":0,"_bbp_total_topic_count":0,"_bbp_total_reply_count":0,"_bbp_voice_count":0,"_bbp_anonymous_reply_count":0,"_bbp_topic_count_hidden":0,"_bbp_reply_count_hidden":0,"_bbp_forum_subforum_count":0},"_links":{"self":[{"href":"http:\/\/red.prodidactica.md\/en\/wp-json\/wp\/v2\/pages\/602"}],"collection":[{"href":"http:\/\/red.prodidactica.md\/en\/wp-json\/wp\/v2\/pages"}],"about":[{"href":"http:\/\/red.prodidactica.md\/en\/wp-json\/wp\/v2\/types\/page"}],"author":[{"embeddable":true,"href":"http:\/\/red.prodidactica.md\/en\/wp-json\/wp\/v2\/users\/15"}],"replies":[{"embeddable":true,"href":"http:\/\/red.prodidactica.md\/en\/wp-json\/wp\/v2\/comments?post=602"}],"version-history":[{"count":1,"href":"http:\/\/red.prodidactica.md\/en\/wp-json\/wp\/v2\/pages\/602\/revisions"}],"predecessor-version":[{"id":603,"href":"http:\/\/red.prodidactica.md\/en\/wp-json\/wp\/v2\/pages\/602\/revisions\/603"}],"wp:attachment":[{"href":"http:\/\/red.prodidactica.md\/en\/wp-json\/wp\/v2\/media?parent=602"}],"curies":[{"name":"wp","href":"https:\/\/api.w.org\/{rel}","templated":true}]}}