
{"id":133,"date":"2016-05-18T12:07:45","date_gmt":"2016-05-18T12:07:45","guid":{"rendered":"http:\/\/red.prodidactica.artsintez.md\/en\/?page_id=133"},"modified":"2016-09-13T08:27:55","modified_gmt":"2016-09-13T05:27:55","slug":"free-licenses","status":"publish","type":"page","link":"https:\/\/red.prodidactica.md\/en\/about-oer\/free-licenses\/","title":{"rendered":"Free licenses"},"content":{"rendered":"<p>Surse:<\/p>\n<p><a href=\"https:\/\/www.apti.ro\/sites\/default\/files\/brosuraCC0v72CuBleeduri.pdf\" target=\"_blank\">https:\/\/www.apti.ro\/sites\/default\/files\/brosuraCC0v72CuBleeduri.pdf<\/a><\/p>\n<p><a href=\"http:\/\/creativecommons.org\/licenses\/?lang=ro\" target=\"_blank\">http:\/\/creativecommons.org\/licenses\/?lang=ro<\/a><\/p>\n<p><strong>Ce sunt licen\u021bele libere? <\/strong><\/p>\n<p>O licen\u021b\u0103 este un document care specific\u0103 ce po\u021bi \u0219i ce nu po\u021bi s\u0103 faci cu o crea\u021bie, fie c\u0103 este vorba de un sunet, un text, o imagine sau multimedia. Ori de c\u00e2te ori faci o fotografie, \u00eenregistrezi o melodie, publici un articol sau pui crea\u021bia online, acestea sunt considerate implicit protejate de drepturile de autor conform legisla\u021biei \u00een vigoare (Toate Drepturile Rezervate). \u00cen multe cazuri, acest lucru \u00eenseamn\u0103 c\u0103 al\u021bi oameni nu pot reutiliza sau remixa opera ta f\u0103r\u0103 s\u0103-\u021bi cear\u0103 voie \u00een prealabil. Licen\u021ba \u00ee\u021bi arat\u0103 condi\u021biile de utilizare \u0219i care sunt restric\u021biile. \u00cen termeni generali, licen\u021bele libere sunt cele care \u00ee\u021bi ofer\u0103 accesul la opera respectiv\u0103, posibilitatea de a o refolosi \u0219i redistribui f\u0103r\u0103 restric\u021bii sau doar cu c\u00e2teva.<\/p>\n<p>De exemplu, un text pe o pagin\u0103 web aflat sub licen\u021b\u0103 liber\u0103 poate fi folosit de ceilal\u021bi pentru a-l:<\/p>\n<ul>\n<li>imprima sau distribui<\/li>\n<li>prelua pe un alt website sau include \u00eentr-o publica\u021bie<\/li>\n<li>face modific\u0103ri sau complet\u0103ri<\/li>\n<li>include par\u021bial sau \u00een totalitate \u00eentr-o alt\u0103 oper\u0103 scris\u0103<\/li>\n<li>folosi \u00eentr-o alt\u0103 oper\u0103 aflat\u0103 pe un alt suport (de exemplu audio sau video)<\/li>\n<li>\u0219i pentru multe alte utiliz\u0103ri<\/li>\n<\/ul>\n<p><strong>Dar ce se \u00eent\u00e2mpl\u0103 atunci c\u00e2nd dore\u0219ti ca ceilal\u021bi s\u0103 poat\u0103 reutiliza opera ta?<\/strong><\/p>\n<p>Dac\u0103 dore\u0219ti s\u0103 oferi oamenilor dreptul de a distribui, utiliza \u0219i chiar de a refolosi ceea ce ai creat, ia \u00een considerare publicarea sub o licen\u021b\u0103 Creative Commons (CC). O licen\u021b\u0103 Creative Commons \u00ee\u021bi permite s\u0103 decizi ce drepturi dore\u0219ti s\u0103 p\u0103strezi, ar\u0103t\u00e2ndu-le foarte clar de la \u00eenceput celor care doresc s\u0103 foloseasc\u0103 opera ta modul \u00een care permi\u021bi reutilizarea, f\u0103r\u0103 s\u0103 mai fie nevoie s\u0103-\u021bi cear\u0103 permisiunea \u00een avans. Aceste licen\u021be reprezint\u0103 o modalitate liber\u0103, facil\u0103 \u0219i standardizat\u0103 de a oferi celor din jur permisiunea de a distribui \u0219i utiliza crea\u021biile tale \u00een felul \u00een care tu alegi de la \u00eenceput. Licen\u021bele CC \u00ee\u021bi permit modificarea cu u\u0219urin\u021b\u0103 a condi\u021biilor privind drepturile de autor de la clasicul \u201etoate drepturile rezervate\u201d la \u201eunele drepturi rezervate\u201d.<\/p>\n<p><strong>Ce este Creative Commons? <\/strong><\/p>\n<p>Creative Commons este o asocia\u021bie non-guvernamental\u0103 global\u0103 dedicat\u0103 sus\u021binerii unui Internet liber \u0219i accesibil, \u00eembog\u0103\u021bit prin cunoa\u0219tere liber\u0103 \u0219i resurse creative pentru ca oameni de peste tot din lume s\u0103 le poat\u0103 folosi, distribui \u0219i dezvolta. Licen\u021bele Creative Commons u\u0219or de folosit asigur\u0103 o modalitate simpl\u0103 \u0219i standardizat\u0103 de a oferi celor din jur per misiunea de a distribui \u0219i utiliza crea\u021biile tale \u00een felul \u00een care tu alegi de la \u00eenceput. Licen\u021bele CC \u00ee\u021bi permit modificarea cu u\u0219urin\u021b\u0103 a condi\u021biilor privind drepturile de autor de la clasicul \u201etoate drepturile rezervate\u201d la \u201eunele drepturi rezervate\u201d.<\/p>\n","protected":false},"excerpt":{"rendered":"<p>Surse: https:\/\/www.apti.ro\/sites\/default\/files\/brosuraCC0v72CuBleeduri.pdf http:\/\/creativecommons.org\/licenses\/?lang=ro Ce sunt licen\u021bele libere? O licen\u021b\u0103 este un document care specific\u0103 ce po\u021bi \u0219i ce nu po\u021bi s\u0103 faci cu o crea\u021bie, fie c\u0103 este vorba de un sunet, un text, o imagine sau multimedia. Ori de c\u00e2te ori faci o fotografie, \u00eenregistrezi o melodie, publici un articol sau pui crea\u021bia online, [&hellip;]<\/p>\n","protected":false},"author":1,"featured_media":0,"parent":124,"menu_order":0,"comment_status":"closed","ping_status":"closed","template":"","meta":{"_bbp_topic_count":0,"_bbp_reply_count":0,"_bbp_total_topic_count":0,"_bbp_total_reply_count":0,"_bbp_voice_count":0,"_bbp_anonymous_reply_count":0,"_bbp_topic_count_hidden":0,"_bbp_reply_count_hidden":0,"_bbp_forum_subforum_count":0},"_links":{"self":[{"href":"https:\/\/red.prodidactica.md\/en\/wp-json\/wp\/v2\/pages\/133"}],"collection":[{"href":"https:\/\/red.prodidactica.md\/en\/wp-json\/wp\/v2\/pages"}],"about":[{"href":"https:\/\/red.prodidactica.md\/en\/wp-json\/wp\/v2\/types\/page"}],"author":[{"embeddable":true,"href":"https:\/\/red.prodidactica.md\/en\/wp-json\/wp\/v2\/users\/1"}],"replies":[{"embeddable":true,"href":"https:\/\/red.prodidactica.md\/en\/wp-json\/wp\/v2\/comments?post=133"}],"version-history":[{"count":2,"href":"https:\/\/red.prodidactica.md\/en\/wp-json\/wp\/v2\/pages\/133\/revisions"}],"predecessor-version":[{"id":326,"href":"https:\/\/red.prodidactica.md\/en\/wp-json\/wp\/v2\/pages\/133\/revisions\/326"}],"up":[{"embeddable":true,"href":"https:\/\/red.prodidactica.md\/en\/wp-json\/wp\/v2\/pages\/124"}],"wp:attachment":[{"href":"https:\/\/red.prodidactica.md\/en\/wp-json\/wp\/v2\/media?parent=133"}],"curies":[{"name":"wp","href":"https:\/\/api.w.org\/{rel}","templated":true}]}}